{"id":113065,"date":"2022-09-22T13:25:50","date_gmt":"2022-09-22T13:25:50","guid":{"rendered":"https:\/\/2022.dnavisuals.ch\/equipe\/"},"modified":"2023-06-16T09:13:15","modified_gmt":"2023-06-16T09:13:15","slug":"equipe","status":"publish","type":"page","link":"https:\/\/dnavisuals.ch\/fr\/equipe\/","title":{"rendered":"\u00c9quipe"},"content":{"rendered":"<section class=\"wpb-content-wrapper\"><p>[vc_row][vc_column width=&#8221;1\/1&#8243;][vc_column_text text_lead=&#8221;yes&#8221; uncode_shortcode_id=&#8221;195486&#8243;]<\/p>\n<h5><span class=\"weight300\" style=\"font-weight: 400;\">Plus que des employ\u00e9s, et plus que des amis. Ce qui unit DNA VISUALS \u2013 malgr\u00e9 la g\u00e9n\u00e9tique \u2013 c&#8217;est une fraternit\u00e9 compl\u00e9t\u00e9e par des parcours acad\u00e9miques et professionnels. Nous sommes unis par la passion et travaillons dur chaque jour pour atteindre les objectifs de nos clients.<\/span><\/h5>\n<p>[\/vc_column_text][vc_empty_space empty_h=&#8221;3&#8243;][\/vc_column][\/vc_row][vc_row][vc_column column_width_percent=&#8221;100&#8243; gutter_size=&#8221;3&#8243; overlay_alpha=&#8221;50&#8243; shift_x=&#8221;0&#8243; shift_y=&#8221;0&#8243; shift_y_down=&#8221;0&#8243; z_index=&#8221;0&#8243; medium_width=&#8221;0&#8243; mobile_width=&#8221;0&#8243; width=&#8221;1\/2&#8243; uncode_shortcode_id=&#8221;169315&#8243; el_id=&#8221;dara&#8221;][vc_single_image media=&#8221;114250&#8243; media_width_percent=&#8221;100&#8243; uncode_shortcode_id=&#8221;170937&#8243;][\/vc_column][vc_column column_width_percent=&#8221;100&#8243; gutter_size=&#8221;3&#8243; overlay_alpha=&#8221;50&#8243; shift_x=&#8221;0&#8243; shift_y=&#8221;0&#8243; shift_y_down=&#8221;0&#8243; z_index=&#8221;0&#8243; medium_width=&#8221;0&#8243; align_mobile=&#8221;align_center_mobile&#8221; mobile_width=&#8221;0&#8243; width=&#8221;1\/2&#8243; uncode_shortcode_id=&#8221;290396&#8243;][vc_empty_space empty_h=&#8221;1&#8243;][vc_custom_heading uncode_shortcode_id=&#8221;103674&#8243;]<span class=\"weight600\">Dara NASERI<\/span>[\/vc_custom_heading][vc_column_text uncode_shortcode_id=&#8221;207163&#8243;]<\/p>\n<h5><span class=\"weight500\">FOUNDER &amp; DIRECTOR<\/span><\/h5>\n<p>[\/vc_column_text][vc_column_text uncode_shortcode_id=&#8221;909407&#8243;]<span class=\"weight300\">En tant que fondateur et directeur de DNA VISUALS, Dara se consacre chaque jour \u00e0 la planification, la production et la publication de diff\u00e9rents m\u00e9dias et coordonne des campagnes de marketing cibl\u00e9es avec l\u2019\u00e9quipe.<\/span>[\/vc_column_text][vc_empty_space empty_h=&#8221;1&#8243;][vc_button button_color=&#8221;color-jevc&#8221; size=&#8221;btn-xl&#8221; radius=&#8221;btn-default-shape&#8221; hover_fx=&#8221;full-colored&#8221; border_width=&#8221;0&#8243; scale_mobile=&#8221;no&#8221; link=&#8221;url:https%3A%2F%2Fwww.linkedin.com%2Fin%2Fdaranaseri%2F|target:_blank|&#8221; icon=&#8221;fa fa-linkedin&#8221; uncode_shortcode_id=&#8221;203244&#8243; button_color_type=&#8221;uncode-palette&#8221; el_class=&#8221;cstm_button_team&#8221;][\/vc_button][\/vc_column][\/vc_row][vc_row][vc_column column_width_percent=&#8221;100&#8243; gutter_size=&#8221;3&#8243; overlay_alpha=&#8221;50&#8243; shift_x=&#8221;0&#8243; shift_y=&#8221;0&#8243; shift_y_down=&#8221;0&#8243; z_index=&#8221;0&#8243; medium_width=&#8221;0&#8243; mobile_width=&#8221;0&#8243; width=&#8221;1\/2&#8243; uncode_shortcode_id=&#8221;811828&#8243; el_id=&#8221;rajhi&#8221;][vc_single_image media=&#8221;114244&#8243; media_width_percent=&#8221;100&#8243; uncode_shortcode_id=&#8221;159136&#8243;][\/vc_column][vc_column column_width_percent=&#8221;100&#8243; gutter_size=&#8221;3&#8243; overlay_alpha=&#8221;50&#8243; shift_x=&#8221;0&#8243; shift_y=&#8221;0&#8243; shift_y_down=&#8221;0&#8243; z_index=&#8221;0&#8243; medium_width=&#8221;0&#8243; align_mobile=&#8221;align_center_mobile&#8221; mobile_width=&#8221;0&#8243; width=&#8221;1\/2&#8243; uncode_shortcode_id=&#8221;260293&#8243;][vc_empty_space empty_h=&#8221;1&#8243;][vc_custom_heading uncode_shortcode_id=&#8221;153721&#8243;]<span class=\"weight600\">RAJHI NASERI<\/span>[\/vc_custom_heading][vc_column_text uncode_shortcode_id=&#8221;338971&#8243;]<\/p>\n<h5><span class=\"weight500\">CREATIVE DIRECTOR<\/span><\/h5>\n<p>[\/vc_column_text][vc_column_text uncode_shortcode_id=&#8221;168973&#8243;]<span class=\"weight300\">Rajhi travaille en \u00e9troite collaboration avec les clients sur les story-boards, rassemble les id\u00e9es, apporte son soutien par des apports cr\u00e9atifs et assure l&#8217;originalit\u00e9 et l&#8217;esth\u00e9tique de la production gr\u00e2ce \u00e0 ses qualit\u00e9s artistiques.<\/span>[\/vc_column_text][vc_empty_space empty_h=&#8221;1&#8243;][vc_button button_color=&#8221;color-jevc&#8221; size=&#8221;btn-xl&#8221; radius=&#8221;btn-default-shape&#8221; hover_fx=&#8221;full-colored&#8221; border_width=&#8221;0&#8243; scale_mobile=&#8221;no&#8221; link=&#8221;url:https%3A%2F%2Fwww.linkedin.com%2Fin%2Frajhi-naseri-610478247%2F|target:_blank|&#8221; icon=&#8221;fa fa-linkedin&#8221; uncode_shortcode_id=&#8221;231788&#8243; button_color_type=&#8221;uncode-palette&#8221; el_class=&#8221;cstm_button_team&#8221;][\/vc_button][\/vc_column][\/vc_row][vc_row][vc_column column_width_percent=&#8221;100&#8243; gutter_size=&#8221;3&#8243; overlay_alpha=&#8221;50&#8243; shift_x=&#8221;0&#8243; shift_y=&#8221;0&#8243; shift_y_down=&#8221;0&#8243; z_index=&#8221;0&#8243; medium_width=&#8221;0&#8243; mobile_width=&#8221;0&#8243; width=&#8221;1\/2&#8243; uncode_shortcode_id=&#8221;122314&#8243; el_id=&#8221;babak&#8221;][vc_single_image media=&#8221;114247&#8243; media_width_percent=&#8221;100&#8243; uncode_shortcode_id=&#8221;408487&#8243;][\/vc_column][vc_column column_width_percent=&#8221;100&#8243; gutter_size=&#8221;3&#8243; overlay_alpha=&#8221;50&#8243; shift_x=&#8221;0&#8243; shift_y=&#8221;0&#8243; shift_y_down=&#8221;0&#8243; z_index=&#8221;0&#8243; medium_width=&#8221;0&#8243; align_mobile=&#8221;align_center_mobile&#8221; mobile_width=&#8221;0&#8243; width=&#8221;1\/2&#8243; uncode_shortcode_id=&#8221;157930&#8243;][vc_empty_space empty_h=&#8221;1&#8243;][vc_custom_heading uncode_shortcode_id=&#8221;194105&#8243;]<span class=\"weight600\">BABAK NASERI<\/span>[\/vc_custom_heading][vc_column_text uncode_shortcode_id=&#8221;465933&#8243;]<\/p>\n<h5><span class=\"weight500\">BRAND MANAGER<\/span><\/h5>\n<p>[\/vc_column_text][vc_column_text uncode_shortcode_id=&#8221;179765&#8243;]<span class=\"weight300\">Avec de nombreuses ann\u00e9es d&#8217;exp\u00e9rience dans la gestion et le contr\u00f4le de la qualit\u00e9, Babak assure la structure de DNA VISUALS. Gr\u00e2ce \u00e0 ses connaissances approfondies en mati\u00e8re de coordination et d&#8217;organisation, il est responsable de la gestion de la marque.<\/span>[\/vc_column_text][vc_empty_space empty_h=&#8221;1&#8243;][vc_button button_color=&#8221;color-jevc&#8221; size=&#8221;btn-xl&#8221; radius=&#8221;btn-default-shape&#8221; hover_fx=&#8221;full-colored&#8221; border_width=&#8221;0&#8243; scale_mobile=&#8221;no&#8221; link=&#8221;url:https%3A%2F%2Fwww.linkedin.com%2Fin%2Fbabak-naseri-4741a61a2%2F|target:_blank|&#8221; icon=&#8221;fa fa-linkedin&#8221; uncode_shortcode_id=&#8221;339315&#8243; button_color_type=&#8221;uncode-palette&#8221; el_class=&#8221;cstm_button_team&#8221;][\/vc_button][\/vc_column][\/vc_row]<\/p>\n<\/section>","protected":false},"excerpt":{"rendered":"<p>[vc_row][vc_column width=&#8221;1\/1&#8243;][vc_column_text text_lead=&#8221;yes&#8221; uncode_shortcode_id=&#8221;195486&#8243;] Plus que des employ\u00e9s, et plus que des amis. Ce qui unit DNA VISUALS \u2013 malgr\u00e9 [&hellip;]<\/p>\n","protected":false},"author":2,"featured_media":0,"parent":0,"menu_order":0,"comment_status":"closed","ping_status":"closed","template":"","meta":{"footnotes":""},"class_list":["post-113065","page","type-page","status-publish","hentry"],"yoast_head":"<!-- This site is optimized with the Yoast SEO plugin v24.0 - https:\/\/yoast.com\/wordpress\/plugins\/seo\/ -->\n<title>\u00c9quipe | DNA VISUALS<\/title>\n<meta name=\"robots\" content=\"index, follow, max-snippet:-1, max-image-preview:large, max-video-preview:-1\" \/>\n<link rel=\"canonical\" href=\"https:\/\/dnavisuals.ch\/fr\/equipe\/\" \/>\n<meta property=\"og:locale\" content=\"fr_FR\" \/>\n<meta property=\"og:type\" content=\"article\" \/>\n<meta property=\"og:title\" content=\"\u00c9quipe | DNA VISUALS\" \/>\n<meta property=\"og:description\" content=\"[vc_row][vc_column width=&#8221;1\/1&#8243;][vc_column_text text_lead=&#8221;yes&#8221; uncode_shortcode_id=&#8221;195486&#8243;] Plus que des employ\u00e9s, et plus que des amis. Ce qui unit DNA VISUALS \u2013 malgr\u00e9 [&hellip;]\" \/>\n<meta property=\"og:url\" content=\"https:\/\/dnavisuals.ch\/fr\/equipe\/\" \/>\n<meta property=\"og:site_name\" content=\"DNA VISUALS\" \/>\n<meta property=\"article:modified_time\" content=\"2023-06-16T09:13:15+00:00\" \/>\n<meta name=\"twitter:card\" content=\"summary_large_image\" \/>\n<meta name=\"twitter:label1\" content=\"Dur\u00e9e de lecture estim\u00e9e\" \/>\n\t<meta name=\"twitter:data1\" content=\"3 minutes\" \/>\n<script type=\"application\/ld+json\" class=\"yoast-schema-graph\">{\"@context\":\"https:\/\/schema.org\",\"@graph\":[{\"@type\":\"WebPage\",\"@id\":\"https:\/\/dnavisuals.ch\/fr\/equipe\/\",\"url\":\"https:\/\/dnavisuals.ch\/fr\/equipe\/\",\"name\":\"\u00c9quipe | DNA VISUALS\",\"isPartOf\":{\"@id\":\"https:\/\/dnavisuals.ch\/fr\/#website\"},\"datePublished\":\"2022-09-22T13:25:50+00:00\",\"dateModified\":\"2023-06-16T09:13:15+00:00\",\"breadcrumb\":{\"@id\":\"https:\/\/dnavisuals.ch\/fr\/equipe\/#breadcrumb\"},\"inLanguage\":\"fr-FR\",\"potentialAction\":[{\"@type\":\"ReadAction\",\"target\":[\"https:\/\/dnavisuals.ch\/fr\/equipe\/\"]}]},{\"@type\":\"BreadcrumbList\",\"@id\":\"https:\/\/dnavisuals.ch\/fr\/equipe\/#breadcrumb\",\"itemListElement\":[{\"@type\":\"ListItem\",\"position\":1,\"name\":\"Home\",\"item\":\"https:\/\/dnavisuals.ch\/fr\/\"},{\"@type\":\"ListItem\",\"position\":2,\"name\":\"\u00c9quipe\"}]},{\"@type\":\"WebSite\",\"@id\":\"https:\/\/dnavisuals.ch\/fr\/#website\",\"url\":\"https:\/\/dnavisuals.ch\/fr\/\",\"name\":\"dnavisuals.ch\",\"description\":\"Creative Agency based in Switzerland\",\"publisher\":{\"@id\":\"https:\/\/dnavisuals.ch\/fr\/#organization\"},\"potentialAction\":[{\"@type\":\"SearchAction\",\"target\":{\"@type\":\"EntryPoint\",\"urlTemplate\":\"https:\/\/dnavisuals.ch\/fr\/?s={search_term_string}\"},\"query-input\":{\"@type\":\"PropertyValueSpecification\",\"valueRequired\":true,\"valueName\":\"search_term_string\"}}],\"inLanguage\":\"fr-FR\"},{\"@type\":\"Organization\",\"@id\":\"https:\/\/dnavisuals.ch\/fr\/#organization\",\"name\":\"dnavisuals.ch\",\"alternateName\":\"DNA VISUALS Schweiz\",\"url\":\"https:\/\/dnavisuals.ch\/fr\/\",\"logo\":{\"@type\":\"ImageObject\",\"inLanguage\":\"fr-FR\",\"@id\":\"https:\/\/dnavisuals.ch\/fr\/#\/schema\/logo\/image\/\",\"url\":\"https:\/\/dnavisuals.ch\/wp-content\/uploads\/DNA-VISUALS_Logo_B.jpg\",\"contentUrl\":\"https:\/\/dnavisuals.ch\/wp-content\/uploads\/DNA-VISUALS_Logo_B.jpg\",\"width\":632,\"height\":421,\"caption\":\"dnavisuals.ch\"},\"image\":{\"@id\":\"https:\/\/dnavisuals.ch\/fr\/#\/schema\/logo\/image\/\"},\"sameAs\":[\"https:\/\/www.instagram.com\/dnavisuals.ch\/\",\"https:\/\/www.tiktok.com\/@dnavisuals.ch\",\"https:\/\/www.youtube.com\/channel\/UCT5LnRF6vCIMelBg1QgkHlw\",\"https:\/\/www.linkedin.com\/company\/dnavisuals-ch\/\"]}]}<\/script>\n<!-- \/ Yoast SEO plugin. -->","yoast_head_json":{"title":"\u00c9quipe | DNA VISUALS","robots":{"index":"index","follow":"follow","max-snippet":"max-snippet:-1","max-image-preview":"max-image-preview:large","max-video-preview":"max-video-preview:-1"},"canonical":"https:\/\/dnavisuals.ch\/fr\/equipe\/","og_locale":"fr_FR","og_type":"article","og_title":"\u00c9quipe | DNA VISUALS","og_description":"[vc_row][vc_column width=&#8221;1\/1&#8243;][vc_column_text text_lead=&#8221;yes&#8221; uncode_shortcode_id=&#8221;195486&#8243;] Plus que des employ\u00e9s, et plus que des amis. Ce qui unit DNA VISUALS \u2013 malgr\u00e9 [&hellip;]","og_url":"https:\/\/dnavisuals.ch\/fr\/equipe\/","og_site_name":"DNA VISUALS","article_modified_time":"2023-06-16T09:13:15+00:00","twitter_card":"summary_large_image","twitter_misc":{"Dur\u00e9e de lecture estim\u00e9e":"3 minutes"},"schema":{"@context":"https:\/\/schema.org","@graph":[{"@type":"WebPage","@id":"https:\/\/dnavisuals.ch\/fr\/equipe\/","url":"https:\/\/dnavisuals.ch\/fr\/equipe\/","name":"\u00c9quipe | DNA VISUALS","isPartOf":{"@id":"https:\/\/dnavisuals.ch\/fr\/#website"},"datePublished":"2022-09-22T13:25:50+00:00","dateModified":"2023-06-16T09:13:15+00:00","breadcrumb":{"@id":"https:\/\/dnavisuals.ch\/fr\/equipe\/#breadcrumb"},"inLanguage":"fr-FR","potentialAction":[{"@type":"ReadAction","target":["https:\/\/dnavisuals.ch\/fr\/equipe\/"]}]},{"@type":"BreadcrumbList","@id":"https:\/\/dnavisuals.ch\/fr\/equipe\/#breadcrumb","itemListElement":[{"@type":"ListItem","position":1,"name":"Home","item":"https:\/\/dnavisuals.ch\/fr\/"},{"@type":"ListItem","position":2,"name":"\u00c9quipe"}]},{"@type":"WebSite","@id":"https:\/\/dnavisuals.ch\/fr\/#website","url":"https:\/\/dnavisuals.ch\/fr\/","name":"dnavisuals.ch","description":"Creative Agency based in Switzerland","publisher":{"@id":"https:\/\/dnavisuals.ch\/fr\/#organization"},"potentialAction":[{"@type":"SearchAction","target":{"@type":"EntryPoint","urlTemplate":"https:\/\/dnavisuals.ch\/fr\/?s={search_term_string}"},"query-input":{"@type":"PropertyValueSpecification","valueRequired":true,"valueName":"search_term_string"}}],"inLanguage":"fr-FR"},{"@type":"Organization","@id":"https:\/\/dnavisuals.ch\/fr\/#organization","name":"dnavisuals.ch","alternateName":"DNA VISUALS Schweiz","url":"https:\/\/dnavisuals.ch\/fr\/","logo":{"@type":"ImageObject","inLanguage":"fr-FR","@id":"https:\/\/dnavisuals.ch\/fr\/#\/schema\/logo\/image\/","url":"https:\/\/dnavisuals.ch\/wp-content\/uploads\/DNA-VISUALS_Logo_B.jpg","contentUrl":"https:\/\/dnavisuals.ch\/wp-content\/uploads\/DNA-VISUALS_Logo_B.jpg","width":632,"height":421,"caption":"dnavisuals.ch"},"image":{"@id":"https:\/\/dnavisuals.ch\/fr\/#\/schema\/logo\/image\/"},"sameAs":["https:\/\/www.instagram.com\/dnavisuals.ch\/","https:\/\/www.tiktok.com\/@dnavisuals.ch","https:\/\/www.youtube.com\/channel\/UCT5LnRF6vCIMelBg1QgkHlw","https:\/\/www.linkedin.com\/company\/dnavisuals-ch\/"]}]}},"_links":{"self":[{"href":"https:\/\/dnavisuals.ch\/fr\/wp-json\/wp\/v2\/pages\/113065","targetHints":{"allow":["GET"]}}],"collection":[{"href":"https:\/\/dnavisuals.ch\/fr\/wp-json\/wp\/v2\/pages"}],"about":[{"href":"https:\/\/dnavisuals.ch\/fr\/wp-json\/wp\/v2\/types\/page"}],"author":[{"embeddable":true,"href":"https:\/\/dnavisuals.ch\/fr\/wp-json\/wp\/v2\/users\/2"}],"replies":[{"embeddable":true,"href":"https:\/\/dnavisuals.ch\/fr\/wp-json\/wp\/v2\/comments?post=113065"}],"version-history":[{"count":29,"href":"https:\/\/dnavisuals.ch\/fr\/wp-json\/wp\/v2\/pages\/113065\/revisions"}],"predecessor-version":[{"id":114310,"href":"https:\/\/dnavisuals.ch\/fr\/wp-json\/wp\/v2\/pages\/113065\/revisions\/114310"}],"wp:attachment":[{"href":"https:\/\/dnavisuals.ch\/fr\/wp-json\/wp\/v2\/media?parent=113065"}],"curies":[{"name":"wp","href":"https:\/\/api.w.org\/{rel}","templated":true}]}}