{"id":113054,"date":"2022-09-22T13:28:05","date_gmt":"2022-09-22T13:28:05","guid":{"rendered":"https:\/\/2022.dnavisuals.ch\/services\/"},"modified":"2023-07-26T10:50:31","modified_gmt":"2023-07-26T10:50:31","slug":"services","status":"publish","type":"page","link":"https:\/\/dnavisuals.ch\/fr\/services\/","title":{"rendered":"Services"},"content":{"rendered":"<section class=\"wpb-content-wrapper\"><p>[vc_row row_height_percent=&#8221;0&#8243; overlay_alpha=&#8221;50&#8243; gutter_size=&#8221;3&#8243; column_width_percent=&#8221;100&#8243; shift_y=&#8221;0&#8243; z_index=&#8221;0&#8243; desktop_visibility=&#8221;yes&#8221; medium_visibility=&#8221;yes&#8221; mobile_visibility=&#8221;yes&#8221; uncode_shortcode_id=&#8221;765763&#8243;][vc_column column_width_percent=&#8221;100&#8243; gutter_size=&#8221;3&#8243; overlay_alpha=&#8221;50&#8243; shift_x=&#8221;0&#8243; shift_y=&#8221;0&#8243; shift_y_down=&#8221;0&#8243; z_index=&#8221;0&#8243; medium_width=&#8221;0&#8243; mobile_width=&#8221;0&#8243; css_animation=&#8221;bottom-t-top&#8221; width=&#8221;1\/1&#8243; uncode_shortcode_id=&#8221;180270&#8243;][uncode_list uncode_shortcode_id=&#8221;167982&#8243; el_class=&#8221;cstm_jumpnavi&#8221;]<\/p>\n<ul>\n<li><a href=\"#digital-marketing\">Marketing num\u00e9rique<\/a><\/li>\n<li><a href=\"#videography\">Vid\u00e9ographie<\/a><\/li>\n<li><a href=\"#photography\">Photographie<\/a><\/li>\n<\/ul>\n<p>[\/uncode_list][\/vc_column][\/vc_row][vc_row][vc_column column_width_percent=&#8221;100&#8243; gutter_size=&#8221;3&#8243; overlay_alpha=&#8221;50&#8243; shift_x=&#8221;0&#8243; shift_y=&#8221;0&#8243; shift_y_down=&#8221;0&#8243; z_index=&#8221;0&#8243; medium_width=&#8221;0&#8243; mobile_width=&#8221;0&#8243; css_animation=&#8221;bottom-t-top&#8221; parallax_intensity=&#8221;2&#8243; width=&#8221;1\/2&#8243; uncode_shortcode_id=&#8221;133519&#8243; el_id=&#8221;digital-marketing&#8221;][vc_single_image media=&#8221;114183&#8243; media_width_percent=&#8221;100&#8243; uncode_shortcode_id=&#8221;152885&#8243;][vc_column_text uncode_shortcode_id=&#8221;201771&#8243;]<\/p>\n<p style=\"text-align: center;\"><span class=\"weight400\">STRATEGY \/ CAMPAIGNING \/ CONSULTING<\/span><\/p>\n<p>[\/vc_column_text][\/vc_column][vc_column column_width_percent=&#8221;100&#8243; gutter_size=&#8221;3&#8243; override_padding=&#8221;yes&#8221; column_padding=&#8221;3&#8243; overlay_alpha=&#8221;50&#8243; shift_x=&#8221;0&#8243; shift_y=&#8221;0&#8243; shift_y_down=&#8221;0&#8243; z_index=&#8221;0&#8243; medium_width=&#8221;0&#8243; align_mobile=&#8221;align_center_mobile&#8221; mobile_width=&#8221;0&#8243; css_animation=&#8221;top-t-bottom&#8221; parallax_intensity=&#8221;6&#8243; width=&#8221;1\/2&#8243; uncode_shortcode_id=&#8221;497059&#8243;][vc_custom_heading uncode_shortcode_id=&#8221;426202&#8243;]Marketing num\u00e9rique[\/vc_custom_heading][vc_column_text uncode_shortcode_id=&#8221;553866&#8243;]<span class=\"weight300\">Parfois, une id\u00e9e simple est capable de changer le monde. Dans ce processus, nous vous aidons, vous et votre entreprise, gr\u00e2ce \u00e0 notre expertise. Nous vous mettons en relation avec les bonnes sources et agissons comme votre bras droit pour d\u00e9velopper votre vision et nous assurer que vous obtenez des r\u00e9sultats tangibles.<\/span><\/p>\n<p><span class=\"weight300\">De la conception \u00e0 la production, la distribution et la mesure. Nous accompagnons votre entreprise et vous soutenons dans toutes les \u00e9tapes de votre r\u00e9ussite.<\/span>[\/vc_column_text][\/vc_column][\/vc_row][vc_row][vc_column column_width_percent=&#8221;100&#8243; gutter_size=&#8221;3&#8243; overlay_alpha=&#8221;50&#8243; shift_x=&#8221;0&#8243; shift_y=&#8221;0&#8243; shift_y_down=&#8221;0&#8243; z_index=&#8221;0&#8243; medium_width=&#8221;0&#8243; mobile_width=&#8221;0&#8243; css_animation=&#8221;bottom-t-top&#8221; parallax_intensity=&#8221;2&#8243; width=&#8221;1\/2&#8243; uncode_shortcode_id=&#8221;494123&#8243; el_id=&#8221;videography&#8221;][vc_single_image media=&#8221;114180&#8243; media_width_percent=&#8221;100&#8243; uncode_shortcode_id=&#8221;135273&#8243;][vc_column_text uncode_shortcode_id=&#8221;772773&#8243;]<\/p>\n<p style=\"text-align: center;\"><span class=\"weight400\">COMMERCIAL \/ CORPORATE \/ EDUCATIONAL<\/span><\/p>\n<p>[\/vc_column_text][\/vc_column][vc_column column_width_percent=&#8221;100&#8243; gutter_size=&#8221;3&#8243; override_padding=&#8221;yes&#8221; column_padding=&#8221;3&#8243; overlay_alpha=&#8221;50&#8243; shift_x=&#8221;0&#8243; shift_y=&#8221;0&#8243; shift_y_down=&#8221;0&#8243; z_index=&#8221;0&#8243; medium_width=&#8221;0&#8243; align_mobile=&#8221;align_center_mobile&#8221; mobile_width=&#8221;0&#8243; css_animation=&#8221;top-t-bottom&#8221; parallax_intensity=&#8221;6&#8243; width=&#8221;1\/2&#8243; uncode_shortcode_id=&#8221;182673&#8243;][vc_custom_heading uncode_shortcode_id=&#8221;906435&#8243;]Film &amp; Photo[\/vc_custom_heading][vc_column_text uncode_shortcode_id=&#8221;974074&#8243;]<span class=\"weight300\">Vous recherchez une \u00e9quipe pour vous assister dans votre nouvelle campagne ? Vous avez besoin de contenus de haute qualit\u00e9 pour votre page de m\u00e9dias sociaux ? Nous sommes des cr\u00e9ateurs professionnels et nous vous aidons \u00e0 visualiser toutes vos id\u00e9es pour les rendre encore plus compatibles et plus engag\u00e9es pour le world wide web.<\/span><\/p>\n<p><span class=\"weight300\">Nous planifions, mettons en \u0153uvre et r\u00e9alisons votre vision en images anim\u00e9es. Simple et rapide. Simple et rapide.<\/span><\/p>\n<p>[\/vc_column_text][\/vc_column][\/vc_row][vc_row][vc_column column_width_percent=&#8221;100&#8243; gutter_size=&#8221;3&#8243; overlay_alpha=&#8221;50&#8243; shift_x=&#8221;0&#8243; shift_y=&#8221;0&#8243; shift_y_down=&#8221;0&#8243; z_index=&#8221;0&#8243; medium_width=&#8221;0&#8243; mobile_width=&#8221;0&#8243; css_animation=&#8221;bottom-t-top&#8221; parallax_intensity=&#8221;2&#8243; width=&#8221;1\/2&#8243; uncode_shortcode_id=&#8221;168734&#8243; el_id=&#8221;photography&#8221;][vc_single_image media=&#8221;114186&#8243; media_width_percent=&#8221;100&#8243; uncode_shortcode_id=&#8221;815482&#8243;][vc_column_text uncode_shortcode_id=&#8221;117776&#8243;]<\/p>\n<p style=\"text-align: center;\"><span class=\"weight400\">CONTENT CREATION \/ MANAGEMENT \/ ADS<\/span><\/p>\n<p>[\/vc_column_text][\/vc_column][vc_column column_width_percent=&#8221;100&#8243; gutter_size=&#8221;3&#8243; override_padding=&#8221;yes&#8221; column_padding=&#8221;3&#8243; overlay_alpha=&#8221;50&#8243; shift_x=&#8221;0&#8243; shift_y=&#8221;0&#8243; shift_y_down=&#8221;0&#8243; z_index=&#8221;0&#8243; medium_width=&#8221;0&#8243; align_mobile=&#8221;align_center_mobile&#8221; mobile_width=&#8221;0&#8243; css_animation=&#8221;top-t-bottom&#8221; parallax_intensity=&#8221;6&#8243; width=&#8221;1\/2&#8243; uncode_shortcode_id=&#8221;126704&#8243;][vc_custom_heading uncode_shortcode_id=&#8221;285094&#8243;]M\u00e9dias Sociaux[\/vc_custom_heading][vc_column_text uncode_shortcode_id=&#8221;123775&#8243;]<span class=\"weight300\">Vous en avez assez de la frustration, de la perte de temps et du stress li\u00e9s \u00e0 la gestion des m\u00e9dias sociaux ? Laissez DNA VISUALS vous soulager en prenant en charge tous les aspects, de la cr\u00e9ation du contenu \u00e0 la distribution. Notre expertise nous permet de produire efficacement un mois entier de contenu en une seule journ\u00e9e, en r\u00e9pondant aux besoins des g\u00e9n\u00e9rations pr\u00e9c\u00e9dentes, actuelles et futures, tout en favorisant l&#8217;acquisition de clients, en renfor\u00e7ant la notori\u00e9t\u00e9 de la marque et en am\u00e9liorant l&#8217;image de marque de l&#8217;employeur.<\/span><\/p>\n<p><span class=\"weight300\">Confiez-nous votre pr\u00e9sence sur les m\u00e9dias sociaux et vous pourrez ainsi vous concentrer sur ce qui compte le plus : votre entreprise.<\/span><\/p>\n<p>[\/vc_column_text][\/vc_column][\/vc_row]<\/p>\n<\/section>","protected":false},"excerpt":{"rendered":"<p>[vc_row row_height_percent=&#8221;0&#8243; overlay_alpha=&#8221;50&#8243; gutter_size=&#8221;3&#8243; column_width_percent=&#8221;100&#8243; shift_y=&#8221;0&#8243; z_index=&#8221;0&#8243; desktop_visibility=&#8221;yes&#8221; medium_visibility=&#8221;yes&#8221; mobile_visibility=&#8221;yes&#8221; uncode_shortcode_id=&#8221;765763&#8243;][vc_column column_width_percent=&#8221;100&#8243; gutter_size=&#8221;3&#8243; overlay_alpha=&#8221;50&#8243; shift_x=&#8221;0&#8243; shift_y=&#8221;0&#8243; shift_y_down=&#8221;0&#8243; z_index=&#8221;0&#8243; medium_width=&#8221;0&#8243; mobile_width=&#8221;0&#8243; [&hellip;]<\/p>\n","protected":false},"author":2,"featured_media":0,"parent":0,"menu_order":0,"comment_status":"closed","ping_status":"closed","template":"","meta":{"footnotes":""},"class_list":["post-113054","page","type-page","status-publish","hentry"],"yoast_head":"<!-- This site is optimized with the Yoast SEO plugin v24.0 - https:\/\/yoast.com\/wordpress\/plugins\/seo\/ -->\n<title>Services | DNA VISUALS<\/title>\n<meta name=\"robots\" content=\"index, follow, max-snippet:-1, max-image-preview:large, max-video-preview:-1\" \/>\n<link rel=\"canonical\" href=\"https:\/\/dnavisuals.ch\/fr\/services\/\" \/>\n<meta property=\"og:locale\" content=\"fr_FR\" \/>\n<meta property=\"og:type\" content=\"article\" \/>\n<meta property=\"og:title\" content=\"Services | DNA VISUALS\" \/>\n<meta property=\"og:description\" content=\"[vc_row row_height_percent=&#8221;0&#8243; overlay_alpha=&#8221;50&#8243; gutter_size=&#8221;3&#8243; column_width_percent=&#8221;100&#8243; shift_y=&#8221;0&#8243; z_index=&#8221;0&#8243; desktop_visibility=&#8221;yes&#8221; medium_visibility=&#8221;yes&#8221; mobile_visibility=&#8221;yes&#8221; uncode_shortcode_id=&#8221;765763&#8243;][vc_column column_width_percent=&#8221;100&#8243; gutter_size=&#8221;3&#8243; overlay_alpha=&#8221;50&#8243; shift_x=&#8221;0&#8243; shift_y=&#8221;0&#8243; shift_y_down=&#8221;0&#8243; z_index=&#8221;0&#8243; medium_width=&#8221;0&#8243; mobile_width=&#8221;0&#8243; [&hellip;]\" \/>\n<meta property=\"og:url\" content=\"https:\/\/dnavisuals.ch\/fr\/services\/\" \/>\n<meta property=\"og:site_name\" content=\"DNA VISUALS\" \/>\n<meta property=\"article:modified_time\" content=\"2023-07-26T10:50:31+00:00\" \/>\n<meta name=\"twitter:card\" content=\"summary_large_image\" \/>\n<meta name=\"twitter:label1\" content=\"Dur\u00e9e de lecture estim\u00e9e\" \/>\n\t<meta name=\"twitter:data1\" content=\"4 minutes\" \/>\n<script type=\"application\/ld+json\" class=\"yoast-schema-graph\">{\"@context\":\"https:\/\/schema.org\",\"@graph\":[{\"@type\":\"WebPage\",\"@id\":\"https:\/\/dnavisuals.ch\/fr\/services\/\",\"url\":\"https:\/\/dnavisuals.ch\/fr\/services\/\",\"name\":\"Services | DNA VISUALS\",\"isPartOf\":{\"@id\":\"https:\/\/dnavisuals.ch\/fr\/#website\"},\"datePublished\":\"2022-09-22T13:28:05+00:00\",\"dateModified\":\"2023-07-26T10:50:31+00:00\",\"breadcrumb\":{\"@id\":\"https:\/\/dnavisuals.ch\/fr\/services\/#breadcrumb\"},\"inLanguage\":\"fr-FR\",\"potentialAction\":[{\"@type\":\"ReadAction\",\"target\":[\"https:\/\/dnavisuals.ch\/fr\/services\/\"]}]},{\"@type\":\"BreadcrumbList\",\"@id\":\"https:\/\/dnavisuals.ch\/fr\/services\/#breadcrumb\",\"itemListElement\":[{\"@type\":\"ListItem\",\"position\":1,\"name\":\"Home\",\"item\":\"https:\/\/dnavisuals.ch\/fr\/\"},{\"@type\":\"ListItem\",\"position\":2,\"name\":\"Services\"}]},{\"@type\":\"WebSite\",\"@id\":\"https:\/\/dnavisuals.ch\/fr\/#website\",\"url\":\"https:\/\/dnavisuals.ch\/fr\/\",\"name\":\"dnavisuals.ch\",\"description\":\"Creative Agency based in Switzerland\",\"publisher\":{\"@id\":\"https:\/\/dnavisuals.ch\/fr\/#organization\"},\"potentialAction\":[{\"@type\":\"SearchAction\",\"target\":{\"@type\":\"EntryPoint\",\"urlTemplate\":\"https:\/\/dnavisuals.ch\/fr\/?s={search_term_string}\"},\"query-input\":{\"@type\":\"PropertyValueSpecification\",\"valueRequired\":true,\"valueName\":\"search_term_string\"}}],\"inLanguage\":\"fr-FR\"},{\"@type\":\"Organization\",\"@id\":\"https:\/\/dnavisuals.ch\/fr\/#organization\",\"name\":\"dnavisuals.ch\",\"alternateName\":\"DNA VISUALS Schweiz\",\"url\":\"https:\/\/dnavisuals.ch\/fr\/\",\"logo\":{\"@type\":\"ImageObject\",\"inLanguage\":\"fr-FR\",\"@id\":\"https:\/\/dnavisuals.ch\/fr\/#\/schema\/logo\/image\/\",\"url\":\"https:\/\/dnavisuals.ch\/wp-content\/uploads\/DNA-VISUALS_Logo_B.jpg\",\"contentUrl\":\"https:\/\/dnavisuals.ch\/wp-content\/uploads\/DNA-VISUALS_Logo_B.jpg\",\"width\":632,\"height\":421,\"caption\":\"dnavisuals.ch\"},\"image\":{\"@id\":\"https:\/\/dnavisuals.ch\/fr\/#\/schema\/logo\/image\/\"},\"sameAs\":[\"https:\/\/www.instagram.com\/dnavisuals.ch\/\",\"https:\/\/www.tiktok.com\/@dnavisuals.ch\",\"https:\/\/www.youtube.com\/channel\/UCT5LnRF6vCIMelBg1QgkHlw\",\"https:\/\/www.linkedin.com\/company\/dnavisuals-ch\/\"]}]}<\/script>\n<!-- \/ Yoast SEO plugin. -->","yoast_head_json":{"title":"Services | DNA VISUALS","robots":{"index":"index","follow":"follow","max-snippet":"max-snippet:-1","max-image-preview":"max-image-preview:large","max-video-preview":"max-video-preview:-1"},"canonical":"https:\/\/dnavisuals.ch\/fr\/services\/","og_locale":"fr_FR","og_type":"article","og_title":"Services | DNA VISUALS","og_description":"[vc_row row_height_percent=&#8221;0&#8243; overlay_alpha=&#8221;50&#8243; gutter_size=&#8221;3&#8243; column_width_percent=&#8221;100&#8243; shift_y=&#8221;0&#8243; z_index=&#8221;0&#8243; desktop_visibility=&#8221;yes&#8221; medium_visibility=&#8221;yes&#8221; mobile_visibility=&#8221;yes&#8221; uncode_shortcode_id=&#8221;765763&#8243;][vc_column column_width_percent=&#8221;100&#8243; gutter_size=&#8221;3&#8243; overlay_alpha=&#8221;50&#8243; shift_x=&#8221;0&#8243; shift_y=&#8221;0&#8243; shift_y_down=&#8221;0&#8243; z_index=&#8221;0&#8243; medium_width=&#8221;0&#8243; mobile_width=&#8221;0&#8243; [&hellip;]","og_url":"https:\/\/dnavisuals.ch\/fr\/services\/","og_site_name":"DNA VISUALS","article_modified_time":"2023-07-26T10:50:31+00:00","twitter_card":"summary_large_image","twitter_misc":{"Dur\u00e9e de lecture estim\u00e9e":"4 minutes"},"schema":{"@context":"https:\/\/schema.org","@graph":[{"@type":"WebPage","@id":"https:\/\/dnavisuals.ch\/fr\/services\/","url":"https:\/\/dnavisuals.ch\/fr\/services\/","name":"Services | DNA VISUALS","isPartOf":{"@id":"https:\/\/dnavisuals.ch\/fr\/#website"},"datePublished":"2022-09-22T13:28:05+00:00","dateModified":"2023-07-26T10:50:31+00:00","breadcrumb":{"@id":"https:\/\/dnavisuals.ch\/fr\/services\/#breadcrumb"},"inLanguage":"fr-FR","potentialAction":[{"@type":"ReadAction","target":["https:\/\/dnavisuals.ch\/fr\/services\/"]}]},{"@type":"BreadcrumbList","@id":"https:\/\/dnavisuals.ch\/fr\/services\/#breadcrumb","itemListElement":[{"@type":"ListItem","position":1,"name":"Home","item":"https:\/\/dnavisuals.ch\/fr\/"},{"@type":"ListItem","position":2,"name":"Services"}]},{"@type":"WebSite","@id":"https:\/\/dnavisuals.ch\/fr\/#website","url":"https:\/\/dnavisuals.ch\/fr\/","name":"dnavisuals.ch","description":"Creative Agency based in Switzerland","publisher":{"@id":"https:\/\/dnavisuals.ch\/fr\/#organization"},"potentialAction":[{"@type":"SearchAction","target":{"@type":"EntryPoint","urlTemplate":"https:\/\/dnavisuals.ch\/fr\/?s={search_term_string}"},"query-input":{"@type":"PropertyValueSpecification","valueRequired":true,"valueName":"search_term_string"}}],"inLanguage":"fr-FR"},{"@type":"Organization","@id":"https:\/\/dnavisuals.ch\/fr\/#organization","name":"dnavisuals.ch","alternateName":"DNA VISUALS Schweiz","url":"https:\/\/dnavisuals.ch\/fr\/","logo":{"@type":"ImageObject","inLanguage":"fr-FR","@id":"https:\/\/dnavisuals.ch\/fr\/#\/schema\/logo\/image\/","url":"https:\/\/dnavisuals.ch\/wp-content\/uploads\/DNA-VISUALS_Logo_B.jpg","contentUrl":"https:\/\/dnavisuals.ch\/wp-content\/uploads\/DNA-VISUALS_Logo_B.jpg","width":632,"height":421,"caption":"dnavisuals.ch"},"image":{"@id":"https:\/\/dnavisuals.ch\/fr\/#\/schema\/logo\/image\/"},"sameAs":["https:\/\/www.instagram.com\/dnavisuals.ch\/","https:\/\/www.tiktok.com\/@dnavisuals.ch","https:\/\/www.youtube.com\/channel\/UCT5LnRF6vCIMelBg1QgkHlw","https:\/\/www.linkedin.com\/company\/dnavisuals-ch\/"]}]}},"_links":{"self":[{"href":"https:\/\/dnavisuals.ch\/fr\/wp-json\/wp\/v2\/pages\/113054","targetHints":{"allow":["GET"]}}],"collection":[{"href":"https:\/\/dnavisuals.ch\/fr\/wp-json\/wp\/v2\/pages"}],"about":[{"href":"https:\/\/dnavisuals.ch\/fr\/wp-json\/wp\/v2\/types\/page"}],"author":[{"embeddable":true,"href":"https:\/\/dnavisuals.ch\/fr\/wp-json\/wp\/v2\/users\/2"}],"replies":[{"embeddable":true,"href":"https:\/\/dnavisuals.ch\/fr\/wp-json\/wp\/v2\/comments?post=113054"}],"version-history":[{"count":30,"href":"https:\/\/dnavisuals.ch\/fr\/wp-json\/wp\/v2\/pages\/113054\/revisions"}],"predecessor-version":[{"id":114818,"href":"https:\/\/dnavisuals.ch\/fr\/wp-json\/wp\/v2\/pages\/113054\/revisions\/114818"}],"wp:attachment":[{"href":"https:\/\/dnavisuals.ch\/fr\/wp-json\/wp\/v2\/media?parent=113054"}],"curies":[{"name":"wp","href":"https:\/\/api.w.org\/{rel}","templated":true}]}}