{"id":113048,"date":"2022-09-22T13:28:05","date_gmt":"2022-09-22T13:28:05","guid":{"rendered":"https:\/\/2022.dnavisuals.ch\/dienstleistungen\/"},"modified":"2023-07-26T10:45:37","modified_gmt":"2023-07-26T10:45:37","slug":"dienstleistungen","status":"publish","type":"page","link":"https:\/\/dnavisuals.ch\/de\/dienstleistungen\/","title":{"rendered":"Services"},"content":{"rendered":"<section class=\"wpb-content-wrapper\"><p>[vc_row row_height_percent=&#8221;0&#8243; overlay_alpha=&#8221;50&#8243; gutter_size=&#8221;3&#8243; column_width_percent=&#8221;100&#8243; shift_y=&#8221;0&#8243; z_index=&#8221;0&#8243; desktop_visibility=&#8221;yes&#8221; medium_visibility=&#8221;yes&#8221; mobile_visibility=&#8221;yes&#8221; uncode_shortcode_id=&#8221;765763&#8243;][vc_column column_width_percent=&#8221;100&#8243; gutter_size=&#8221;3&#8243; overlay_alpha=&#8221;50&#8243; shift_x=&#8221;0&#8243; shift_y=&#8221;0&#8243; shift_y_down=&#8221;0&#8243; z_index=&#8221;0&#8243; medium_width=&#8221;0&#8243; mobile_width=&#8221;0&#8243; css_animation=&#8221;bottom-t-top&#8221; width=&#8221;1\/1&#8243; uncode_shortcode_id=&#8221;180270&#8243;][uncode_list uncode_shortcode_id=&#8221;167982&#8243; el_class=&#8221;cstm_jumpnavi&#8221;]<\/p>\n<ul>\n<li><a href=\"#digital-marketing\">Digitales Marketing<\/a><\/li>\n<li><a href=\"#videography\">Videografie<\/a><\/li>\n<li><a href=\"#photography\">Fotografie<\/a><\/li>\n<\/ul>\n<p>[\/uncode_list][\/vc_column][\/vc_row][vc_row][vc_column column_width_percent=&#8221;100&#8243; gutter_size=&#8221;3&#8243; overlay_alpha=&#8221;50&#8243; shift_x=&#8221;0&#8243; shift_y=&#8221;0&#8243; shift_y_down=&#8221;0&#8243; z_index=&#8221;0&#8243; medium_width=&#8221;0&#8243; mobile_width=&#8221;0&#8243; css_animation=&#8221;bottom-t-top&#8221; parallax_intensity=&#8221;2&#8243; width=&#8221;1\/2&#8243; uncode_shortcode_id=&#8221;133519&#8243; el_id=&#8221;digital-marketing&#8221;][vc_single_image media=&#8221;114183&#8243; media_width_percent=&#8221;100&#8243; uncode_shortcode_id=&#8221;152885&#8243;][vc_column_text uncode_shortcode_id=&#8221;201771&#8243;]<\/p>\n<p style=\"text-align: center;\"><span class=\"weight400\">STRATEGY \/ CAMPAIGNING \/ CONSULTING<\/span><\/p>\n<p>[\/vc_column_text][\/vc_column][vc_column column_width_percent=&#8221;100&#8243; gutter_size=&#8221;3&#8243; override_padding=&#8221;yes&#8221; column_padding=&#8221;3&#8243; overlay_alpha=&#8221;50&#8243; shift_x=&#8221;0&#8243; shift_y=&#8221;0&#8243; shift_y_down=&#8221;0&#8243; z_index=&#8221;0&#8243; medium_width=&#8221;0&#8243; align_mobile=&#8221;align_center_mobile&#8221; mobile_width=&#8221;0&#8243; css_animation=&#8221;top-t-bottom&#8221; parallax_intensity=&#8221;6&#8243; width=&#8221;1\/2&#8243; uncode_shortcode_id=&#8221;497059&#8243;][vc_custom_heading uncode_shortcode_id=&#8221;426202&#8243;]Digitales Marketing[\/vc_custom_heading][vc_column_text uncode_shortcode_id=&#8221;553866&#8243;]<span class=\"weight300\">Manchmal ist eine einfache Idee in der Lage, die Welt zu ver\u00e4ndern. In diesem Prozess unterst\u00fctzen wir Ihr Unternehmen mit unserem Fachwissen. Wir verbinden Sie mit den richtigen Quellen und agieren als Ihre rechte Hand, um Ihre Vision zu entwickeln und stellen greifbare Ergebnisse sicher.<\/span><\/p>\n<p><span class=\"weight300\">Von der Konzeption bis hin zur Produktion, Ver\u00f6ffentlichung und Messung. Wir begleiten und unterst\u00fctzen Sie bei jedem Schritt zum Erfolg.<\/span>[\/vc_column_text][\/vc_column][\/vc_row][vc_row][vc_column column_width_percent=&#8221;100&#8243; gutter_size=&#8221;3&#8243; overlay_alpha=&#8221;50&#8243; shift_x=&#8221;0&#8243; shift_y=&#8221;0&#8243; shift_y_down=&#8221;0&#8243; z_index=&#8221;0&#8243; medium_width=&#8221;0&#8243; mobile_width=&#8221;0&#8243; css_animation=&#8221;bottom-t-top&#8221; parallax_intensity=&#8221;2&#8243; width=&#8221;1\/2&#8243; uncode_shortcode_id=&#8221;494123&#8243; el_id=&#8221;videography&#8221;][vc_single_image media=&#8221;114180&#8243; media_width_percent=&#8221;100&#8243; uncode_shortcode_id=&#8221;135273&#8243;][vc_column_text uncode_shortcode_id=&#8221;772773&#8243;]<\/p>\n<p style=\"text-align: center;\"><span class=\"weight400\">COMMERCIAL \/ CORPORATE \/ EDUCATIONAL<\/span><\/p>\n<p>[\/vc_column_text][\/vc_column][vc_column column_width_percent=&#8221;100&#8243; gutter_size=&#8221;3&#8243; override_padding=&#8221;yes&#8221; column_padding=&#8221;3&#8243; overlay_alpha=&#8221;50&#8243; shift_x=&#8221;0&#8243; shift_y=&#8221;0&#8243; shift_y_down=&#8221;0&#8243; z_index=&#8221;0&#8243; medium_width=&#8221;0&#8243; align_mobile=&#8221;align_center_mobile&#8221; mobile_width=&#8221;0&#8243; css_animation=&#8221;top-t-bottom&#8221; parallax_intensity=&#8221;6&#8243; width=&#8221;1\/2&#8243; uncode_shortcode_id=&#8221;182673&#8243;][vc_custom_heading uncode_shortcode_id=&#8221;906435&#8243;]Film &amp; Foto[\/vc_custom_heading][vc_column_text uncode_shortcode_id=&#8221;974074&#8243;]<span class=\"weight300\">Suchen Sie ein Team, das Sie bei Ihrer neuen Kampagne unterst\u00fctzt? Ben\u00f6tigen Sie hochwertige audiovisuelle Inhalte f\u00fcr Ihre Social-Media-Seite? Wir sind professionelle Creator und helfen Ihnen, alle Ihre Ideen zu visualisieren, um sie noch kompatibler und engagierter f\u00fcr das World Wide Web zu machen.<\/span><\/p>\n<p><span class=\"weight300\">Wir planen, implementieren und realisieren Ihre Vision in hochwertige digitale Assets. Unkompliziert und schnell.<\/span><\/p>\n<p>[\/vc_column_text][\/vc_column][\/vc_row][vc_row][vc_column column_width_percent=&#8221;100&#8243; gutter_size=&#8221;3&#8243; overlay_alpha=&#8221;50&#8243; shift_x=&#8221;0&#8243; shift_y=&#8221;0&#8243; shift_y_down=&#8221;0&#8243; z_index=&#8221;0&#8243; medium_width=&#8221;0&#8243; mobile_width=&#8221;0&#8243; css_animation=&#8221;bottom-t-top&#8221; parallax_intensity=&#8221;2&#8243; width=&#8221;1\/2&#8243; uncode_shortcode_id=&#8221;168734&#8243; el_id=&#8221;photography&#8221;][vc_single_image media=&#8221;114186&#8243; media_width_percent=&#8221;100&#8243; uncode_shortcode_id=&#8221;815482&#8243;][vc_column_text uncode_shortcode_id=&#8221;117776&#8243;]<\/p>\n<p style=\"text-align: center;\"><span class=\"weight400\">CONTENT CREATION \/ MANAGEMENT \/ ADS<\/span><\/p>\n<p>[\/vc_column_text][\/vc_column][vc_column column_width_percent=&#8221;100&#8243; gutter_size=&#8221;3&#8243; override_padding=&#8221;yes&#8221; column_padding=&#8221;3&#8243; overlay_alpha=&#8221;50&#8243; shift_x=&#8221;0&#8243; shift_y=&#8221;0&#8243; shift_y_down=&#8221;0&#8243; z_index=&#8221;0&#8243; medium_width=&#8221;0&#8243; align_mobile=&#8221;align_center_mobile&#8221; mobile_width=&#8221;0&#8243; css_animation=&#8221;top-t-bottom&#8221; parallax_intensity=&#8221;6&#8243; width=&#8221;1\/2&#8243; uncode_shortcode_id=&#8221;126704&#8243;][vc_custom_heading uncode_shortcode_id=&#8221;285094&#8243;]Social Media[\/vc_custom_heading][vc_column_text uncode_shortcode_id=&#8221;123775&#8243;]<span class=\"weight300\">Sind Sie m\u00fcde von der frustrierenden, zeitraubenden und m\u00fchsamen Verwaltung sozialer Medien? \u00dcberlassen Sie DNA VISUALS die Arbeit, wir k\u00fcmmern uns um alle Aspekte, von der Erstellung der Inhalte bis zur Ver\u00f6ffentlichung. Dank unserer Expertise sind wir in der Lage, an nur einem Tag Inhalte f\u00fcr einen ganzen Monat zu produzieren, die den Bed\u00fcrfnissen fr\u00fcherer, aktueller und k\u00fcnftiger Generationen gerecht werden und gleichzeitig die Kundenakquise f\u00f6rdern, die Markenbekanntheit steigern und das Employer Branding verbessern.<\/span><\/p>\n<p><span class=\"weight300\">Wir k\u00fcmmern uns um Ihre Social-Media Kan\u00e4le, damit Sie sich auf das konzentrieren k\u00f6nnen, was am wichtigsten ist &#8211; Ihr Gesch\u00e4ft.<\/span><\/p>\n<p>[\/vc_column_text][\/vc_column][\/vc_row]<\/p>\n<\/section>","protected":false},"excerpt":{"rendered":"<p>[vc_row row_height_percent=&#8221;0&#8243; overlay_alpha=&#8221;50&#8243; gutter_size=&#8221;3&#8243; column_width_percent=&#8221;100&#8243; shift_y=&#8221;0&#8243; z_index=&#8221;0&#8243; desktop_visibility=&#8221;yes&#8221; medium_visibility=&#8221;yes&#8221; mobile_visibility=&#8221;yes&#8221; uncode_shortcode_id=&#8221;765763&#8243;][vc_column column_width_percent=&#8221;100&#8243; gutter_size=&#8221;3&#8243; overlay_alpha=&#8221;50&#8243; shift_x=&#8221;0&#8243; shift_y=&#8221;0&#8243; shift_y_down=&#8221;0&#8243; z_index=&#8221;0&#8243; medium_width=&#8221;0&#8243; mobile_width=&#8221;0&#8243; [&hellip;]<\/p>\n","protected":false},"author":2,"featured_media":0,"parent":0,"menu_order":0,"comment_status":"closed","ping_status":"closed","template":"","meta":{"footnotes":""},"class_list":["post-113048","page","type-page","status-publish","hentry"],"yoast_head":"<!-- This site is optimized with the Yoast SEO plugin v24.0 - https:\/\/yoast.com\/wordpress\/plugins\/seo\/ -->\n<title>Services | DNA VISUALS<\/title>\n<meta name=\"robots\" content=\"index, follow, max-snippet:-1, max-image-preview:large, max-video-preview:-1\" \/>\n<link rel=\"canonical\" href=\"https:\/\/dnavisuals.ch\/de\/dienstleistungen\/\" \/>\n<meta property=\"og:locale\" content=\"de_DE\" \/>\n<meta property=\"og:type\" content=\"article\" \/>\n<meta property=\"og:title\" content=\"Services | DNA VISUALS\" \/>\n<meta property=\"og:description\" content=\"[vc_row row_height_percent=&#8221;0&#8243; overlay_alpha=&#8221;50&#8243; gutter_size=&#8221;3&#8243; column_width_percent=&#8221;100&#8243; shift_y=&#8221;0&#8243; z_index=&#8221;0&#8243; desktop_visibility=&#8221;yes&#8221; medium_visibility=&#8221;yes&#8221; mobile_visibility=&#8221;yes&#8221; uncode_shortcode_id=&#8221;765763&#8243;][vc_column column_width_percent=&#8221;100&#8243; gutter_size=&#8221;3&#8243; overlay_alpha=&#8221;50&#8243; shift_x=&#8221;0&#8243; shift_y=&#8221;0&#8243; shift_y_down=&#8221;0&#8243; z_index=&#8221;0&#8243; medium_width=&#8221;0&#8243; mobile_width=&#8221;0&#8243; [&hellip;]\" \/>\n<meta property=\"og:url\" content=\"https:\/\/dnavisuals.ch\/de\/dienstleistungen\/\" \/>\n<meta property=\"og:site_name\" content=\"DNA VISUALS\" \/>\n<meta property=\"article:modified_time\" content=\"2023-07-26T10:45:37+00:00\" \/>\n<meta name=\"twitter:card\" content=\"summary_large_image\" \/>\n<meta name=\"twitter:label1\" content=\"Gesch\u00e4tzte Lesezeit\" \/>\n\t<meta name=\"twitter:data1\" content=\"3\u00a0Minuten\" \/>\n<script type=\"application\/ld+json\" class=\"yoast-schema-graph\">{\"@context\":\"https:\/\/schema.org\",\"@graph\":[{\"@type\":\"WebPage\",\"@id\":\"https:\/\/dnavisuals.ch\/de\/dienstleistungen\/\",\"url\":\"https:\/\/dnavisuals.ch\/de\/dienstleistungen\/\",\"name\":\"Services | DNA VISUALS\",\"isPartOf\":{\"@id\":\"https:\/\/dnavisuals.ch\/de\/#website\"},\"datePublished\":\"2022-09-22T13:28:05+00:00\",\"dateModified\":\"2023-07-26T10:45:37+00:00\",\"breadcrumb\":{\"@id\":\"https:\/\/dnavisuals.ch\/de\/dienstleistungen\/#breadcrumb\"},\"inLanguage\":\"de\",\"potentialAction\":[{\"@type\":\"ReadAction\",\"target\":[\"https:\/\/dnavisuals.ch\/de\/dienstleistungen\/\"]}]},{\"@type\":\"BreadcrumbList\",\"@id\":\"https:\/\/dnavisuals.ch\/de\/dienstleistungen\/#breadcrumb\",\"itemListElement\":[{\"@type\":\"ListItem\",\"position\":1,\"name\":\"Home\",\"item\":\"https:\/\/dnavisuals.ch\/de\/\"},{\"@type\":\"ListItem\",\"position\":2,\"name\":\"Services\"}]},{\"@type\":\"WebSite\",\"@id\":\"https:\/\/dnavisuals.ch\/de\/#website\",\"url\":\"https:\/\/dnavisuals.ch\/de\/\",\"name\":\"dnavisuals.ch\",\"description\":\"Creative Agency based in Switzerland\",\"publisher\":{\"@id\":\"https:\/\/dnavisuals.ch\/de\/#organization\"},\"potentialAction\":[{\"@type\":\"SearchAction\",\"target\":{\"@type\":\"EntryPoint\",\"urlTemplate\":\"https:\/\/dnavisuals.ch\/de\/?s={search_term_string}\"},\"query-input\":{\"@type\":\"PropertyValueSpecification\",\"valueRequired\":true,\"valueName\":\"search_term_string\"}}],\"inLanguage\":\"de\"},{\"@type\":\"Organization\",\"@id\":\"https:\/\/dnavisuals.ch\/de\/#organization\",\"name\":\"dnavisuals.ch\",\"alternateName\":\"DNA VISUALS Schweiz\",\"url\":\"https:\/\/dnavisuals.ch\/de\/\",\"logo\":{\"@type\":\"ImageObject\",\"inLanguage\":\"de\",\"@id\":\"https:\/\/dnavisuals.ch\/de\/#\/schema\/logo\/image\/\",\"url\":\"https:\/\/dnavisuals.ch\/wp-content\/uploads\/DNA-VISUALS_Logo_B.jpg\",\"contentUrl\":\"https:\/\/dnavisuals.ch\/wp-content\/uploads\/DNA-VISUALS_Logo_B.jpg\",\"width\":632,\"height\":421,\"caption\":\"dnavisuals.ch\"},\"image\":{\"@id\":\"https:\/\/dnavisuals.ch\/de\/#\/schema\/logo\/image\/\"},\"sameAs\":[\"https:\/\/www.instagram.com\/dnavisuals.ch\/\",\"https:\/\/www.tiktok.com\/@dnavisuals.ch\",\"https:\/\/www.youtube.com\/channel\/UCT5LnRF6vCIMelBg1QgkHlw\",\"https:\/\/www.linkedin.com\/company\/dnavisuals-ch\/\"]}]}<\/script>\n<!-- \/ Yoast SEO plugin. -->","yoast_head_json":{"title":"Services | DNA VISUALS","robots":{"index":"index","follow":"follow","max-snippet":"max-snippet:-1","max-image-preview":"max-image-preview:large","max-video-preview":"max-video-preview:-1"},"canonical":"https:\/\/dnavisuals.ch\/de\/dienstleistungen\/","og_locale":"de_DE","og_type":"article","og_title":"Services | DNA VISUALS","og_description":"[vc_row row_height_percent=&#8221;0&#8243; overlay_alpha=&#8221;50&#8243; gutter_size=&#8221;3&#8243; column_width_percent=&#8221;100&#8243; shift_y=&#8221;0&#8243; z_index=&#8221;0&#8243; desktop_visibility=&#8221;yes&#8221; medium_visibility=&#8221;yes&#8221; mobile_visibility=&#8221;yes&#8221; uncode_shortcode_id=&#8221;765763&#8243;][vc_column column_width_percent=&#8221;100&#8243; gutter_size=&#8221;3&#8243; overlay_alpha=&#8221;50&#8243; shift_x=&#8221;0&#8243; shift_y=&#8221;0&#8243; shift_y_down=&#8221;0&#8243; z_index=&#8221;0&#8243; medium_width=&#8221;0&#8243; mobile_width=&#8221;0&#8243; [&hellip;]","og_url":"https:\/\/dnavisuals.ch\/de\/dienstleistungen\/","og_site_name":"DNA VISUALS","article_modified_time":"2023-07-26T10:45:37+00:00","twitter_card":"summary_large_image","twitter_misc":{"Gesch\u00e4tzte Lesezeit":"3\u00a0Minuten"},"schema":{"@context":"https:\/\/schema.org","@graph":[{"@type":"WebPage","@id":"https:\/\/dnavisuals.ch\/de\/dienstleistungen\/","url":"https:\/\/dnavisuals.ch\/de\/dienstleistungen\/","name":"Services | DNA VISUALS","isPartOf":{"@id":"https:\/\/dnavisuals.ch\/de\/#website"},"datePublished":"2022-09-22T13:28:05+00:00","dateModified":"2023-07-26T10:45:37+00:00","breadcrumb":{"@id":"https:\/\/dnavisuals.ch\/de\/dienstleistungen\/#breadcrumb"},"inLanguage":"de","potentialAction":[{"@type":"ReadAction","target":["https:\/\/dnavisuals.ch\/de\/dienstleistungen\/"]}]},{"@type":"BreadcrumbList","@id":"https:\/\/dnavisuals.ch\/de\/dienstleistungen\/#breadcrumb","itemListElement":[{"@type":"ListItem","position":1,"name":"Home","item":"https:\/\/dnavisuals.ch\/de\/"},{"@type":"ListItem","position":2,"name":"Services"}]},{"@type":"WebSite","@id":"https:\/\/dnavisuals.ch\/de\/#website","url":"https:\/\/dnavisuals.ch\/de\/","name":"dnavisuals.ch","description":"Creative Agency based in Switzerland","publisher":{"@id":"https:\/\/dnavisuals.ch\/de\/#organization"},"potentialAction":[{"@type":"SearchAction","target":{"@type":"EntryPoint","urlTemplate":"https:\/\/dnavisuals.ch\/de\/?s={search_term_string}"},"query-input":{"@type":"PropertyValueSpecification","valueRequired":true,"valueName":"search_term_string"}}],"inLanguage":"de"},{"@type":"Organization","@id":"https:\/\/dnavisuals.ch\/de\/#organization","name":"dnavisuals.ch","alternateName":"DNA VISUALS Schweiz","url":"https:\/\/dnavisuals.ch\/de\/","logo":{"@type":"ImageObject","inLanguage":"de","@id":"https:\/\/dnavisuals.ch\/de\/#\/schema\/logo\/image\/","url":"https:\/\/dnavisuals.ch\/wp-content\/uploads\/DNA-VISUALS_Logo_B.jpg","contentUrl":"https:\/\/dnavisuals.ch\/wp-content\/uploads\/DNA-VISUALS_Logo_B.jpg","width":632,"height":421,"caption":"dnavisuals.ch"},"image":{"@id":"https:\/\/dnavisuals.ch\/de\/#\/schema\/logo\/image\/"},"sameAs":["https:\/\/www.instagram.com\/dnavisuals.ch\/","https:\/\/www.tiktok.com\/@dnavisuals.ch","https:\/\/www.youtube.com\/channel\/UCT5LnRF6vCIMelBg1QgkHlw","https:\/\/www.linkedin.com\/company\/dnavisuals-ch\/"]}]}},"_links":{"self":[{"href":"https:\/\/dnavisuals.ch\/de\/wp-json\/wp\/v2\/pages\/113048","targetHints":{"allow":["GET"]}}],"collection":[{"href":"https:\/\/dnavisuals.ch\/de\/wp-json\/wp\/v2\/pages"}],"about":[{"href":"https:\/\/dnavisuals.ch\/de\/wp-json\/wp\/v2\/types\/page"}],"author":[{"embeddable":true,"href":"https:\/\/dnavisuals.ch\/de\/wp-json\/wp\/v2\/users\/2"}],"replies":[{"embeddable":true,"href":"https:\/\/dnavisuals.ch\/de\/wp-json\/wp\/v2\/comments?post=113048"}],"version-history":[{"count":57,"href":"https:\/\/dnavisuals.ch\/de\/wp-json\/wp\/v2\/pages\/113048\/revisions"}],"predecessor-version":[{"id":114811,"href":"https:\/\/dnavisuals.ch\/de\/wp-json\/wp\/v2\/pages\/113048\/revisions\/114811"}],"wp:attachment":[{"href":"https:\/\/dnavisuals.ch\/de\/wp-json\/wp\/v2\/media?parent=113048"}],"curies":[{"name":"wp","href":"https:\/\/api.w.org\/{rel}","templated":true}]}}